{"id":10134,"date":"2025-12-15T19:29:56","date_gmt":"2025-12-15T17:29:56","guid":{"rendered":"https:\/\/christinakosmeetika.ee\/line-repair\/"},"modified":"2026-01-11T07:26:10","modified_gmt":"2026-01-11T05:26:10","slug":"line-repair","status":"publish","type":"page","link":"https:\/\/christinakosmeetika.ee\/et\/line-repair\/","title":{"rendered":"LINE REPAIR"},"content":{"rendered":"<div id='av-layout-grid-1'  class='av-layout-grid-container av-5j34x0-49922aacc51a319fd84db8bae769ec3d entry-content-wrapper main_color av-flex-cells  avia-builder-el-0  avia-builder-el-no-sibling   container_wrap sidebar_right'  >\n<div class='flex_cell av-3jtz8k-108edfa04114e734901598474348c7d9 av-gridrow-cell av_one_half no_margin  avia-builder-el-1  el_before_av_cell_one_half  avia-builder-el-first '  ><div class='flex_cell_inner'>\n<style type=\"text\/css\" data-created_by=\"avia_inline_auto\" id=\"style-css-av-mj6z7sm5-4df5109431b61a5b5b132e81b2f54b6c\">\n.avia-video.av-mj6z7sm5-4df5109431b61a5b5b132e81b2f54b6c{\nbackground-image:url(https:\/\/christinakosmeetika.ee\/wp-content\/uploads\/2025\/12\/lr.jpg);\n}\n<\/style>\n<div  class='avia-video av-mj6z7sm5-4df5109431b61a5b5b132e81b2f54b6c avia-video-16-9 av-preview-image avia-video-load-always avia-video-html5'  itemprop=\"video\" itemtype=\"https:\/\/schema.org\/VideoObject\"  data-original_url='https:\/\/christinakosmeetika.ee\/wp-content\/uploads\/2025\/12\/redpandacompress_salon-line-repair.mp4'><video class='avia_video' poster=\"https:\/\/christinakosmeetika.ee\/wp-content\/uploads\/2025\/12\/lr.jpg\"   preload=\"auto\"  controls id='player_10134_34566957_1791040418'><source src='https:\/\/christinakosmeetika.ee\/wp-content\/uploads\/2025\/12\/redpandacompress_salon-line-repair.mp4' type='video\/mp4' \/><\/video><\/div>\n<\/div><\/div><div class='flex_cell av-2vl7hg-7020abc5a815f31ff929a3ff50d28b57 av-gridrow-cell av_one_half no_margin  avia-builder-el-3  el_after_av_cell_one_half  avia-builder-el-last '  ><div class='flex_cell_inner'><section  class='av_textblock_section av-mj6z8fuj-71f76a68d1614903d35e48674e5f70a8 '   itemscope=\"itemscope\" itemtype=\"https:\/\/schema.org\/CreativeWork\" ><div class='avia_textblock'  itemprop=\"text\" ><h3 data-start=\"0\" data-end=\"47\"><strong data-start=\"0\" data-end=\"47\">Kellele on LINE REPAIR kollektsioon m\u00f5eldud<\/strong><\/h3>\n<p data-start=\"49\" data-end=\"187\">LINE REPAIR on professionaalse taseme kollektsioon, mis on loodud nii salongiprotseduurideks kui ka t\u00e4isv\u00e4\u00e4rtuslikuks koduseks hoolduseks.<\/p>\n<p data-start=\"189\" data-end=\"227\">Sari on m\u00f5eldud nahale, millel esineb:<\/p>\n<ul>\n<li data-start=\"229\" data-end=\"433\">vananemism\u00e4rke;<\/li>\n<li data-start=\"229\" data-end=\"433\">eba\u00fchtlane nahatoon ja pigmentatsioon;<\/li>\n<li data-start=\"229\" data-end=\"433\">elastsuse ja vetruvuse kadu;<\/li>\n<li data-start=\"229\" data-end=\"433\">deh\u00fcdratsioon ja kuivustunne;<\/li>\n<li data-start=\"229\" data-end=\"433\">tuhm ja v\u00e4sinud v\u00e4limus;<\/li>\n<li data-start=\"229\" data-end=\"433\">nahk, mis n\u00e4eb v\u00e4lja vanem kui tema bioloogiline vanus.<\/li>\n<\/ul>\n<p data-start=\"435\" data-end=\"564\">LINE REPAIR sobib erinevatele nahat\u00fc\u00fcpidele ja vanustele, v\u00f5imaldades kohandada hooldust vastavalt individuaalsetele vajadustele.<\/p>\n<h3 data-start=\"566\" data-end=\"598\"><strong data-start=\"566\" data-end=\"598\">LINE REPAIR kasutamise efekt<\/strong><\/h3>\n<p data-start=\"600\" data-end=\"775\">LINE REPAIR pakub v\u00e4ljendunud taastavat ja noorendavat toimet: nahk muutub siledamaks, elastsemaks ja niisutatumaks, paraneb selle toon ja tekstuur ning taastub loomulik s\u00e4ra.<\/p>\n<p data-start=\"777\" data-end=\"992\">Vanus ja keskkonnam\u00f5jud v\u00e4hendavad j\u00e4rk-j\u00e4rgult naha eluj\u00f5udu, h\u00e4irides selle tasakaalu ja kaitsefunktsioone. LINE REPAIR aitab nahal neid muutusi kompenseerida, toetades naha tihedust, elastsust ja tervet v\u00e4limust.<\/p>\n<h3 data-start=\"994\" data-end=\"1017\"><strong data-start=\"994\" data-end=\"1017\">LINE REPAIR eelised<\/strong><\/h3>\n<p data-start=\"1019\" data-end=\"1143\"><strong data-start=\"1019\" data-end=\"1056\">Kompleksne vananemisvastane toime<\/strong><br data-start=\"1056\" data-end=\"1059\" \/>Sari toimib k\u00f5ikidel naha tasanditel, pakkudes s\u00fcsteemset l\u00e4henemist noorendamisele.<\/p>\n<p data-start=\"1145\" data-end=\"1246\"><strong data-start=\"1145\" data-end=\"1179\">Optimaalne niisutus ja mugavus<\/strong><br data-start=\"1179\" data-end=\"1182\" \/>Nahk hoiab niiskust paremini, muutub siledamaks ja t\u00e4idlasemaks.<\/p>\n<p data-start=\"1248\" data-end=\"1358\"><strong data-start=\"1248\" data-end=\"1285\">Nahatooni ja tekstuuri paranemine<\/strong><br data-start=\"1285\" data-end=\"1288\" \/>Nahatoon \u00fchtlustub ning naha pind muutub siledamaks ja hoolitsetumaks.<\/p>\n<p data-start=\"1360\" data-end=\"1464\"><strong data-start=\"1360\" data-end=\"1385\">Naha eluj\u00f5u toetamine<\/strong><br data-start=\"1385\" data-end=\"1388\" \/>Paraneb rakkude hapnikuga varustatus ning nahk n\u00e4eb v\u00e4lja v\u00e4rske ja puhanud.<\/p>\n<h3 data-start=\"1466\" data-end=\"1511\"><strong data-start=\"1466\" data-end=\"1511\">LINE REPAIR lahendab j\u00e4rgmised probleemid<\/strong><\/h3>\n<ul>\n<li data-start=\"1513\" data-end=\"1778\">v\u00e4hendab vananemism\u00e4rkide n\u00e4htavust;<\/li>\n<li data-start=\"1513\" data-end=\"1778\">\u00fchtlustab naha tooni ja tekstuuri;<\/li>\n<li data-start=\"1513\" data-end=\"1778\">suurendab naha elastsust ja vetruvust;<\/li>\n<li data-start=\"1513\" data-end=\"1778\">niisutab s\u00fcgavuti ja s\u00e4ilitab niiskustasakaalu;<\/li>\n<li data-start=\"1513\" data-end=\"1778\">parandab naha v\u00e4limust, taastades selle s\u00e4ra;<\/li>\n<li data-start=\"1513\" data-end=\"1778\">aitab nahal n\u00e4ha v\u00e4lja nooruslikum ja hoolitsetum.<\/li>\n<\/ul>\n<h3 data-start=\"1780\" data-end=\"1819\"><strong data-start=\"1780\" data-end=\"1819\">LINE REPAIR kollektsiooni struktuur<\/strong><\/h3>\n<p data-start=\"1821\" data-end=\"1948\">LINE REPAIR koosneb viiest funktsionaalsest alamsarjast, millest iga\u00fcks on suunatud konkreetsete nahaprobleemide lahendamisele:<\/p>\n<p data-start=\"1950\" data-end=\"2306\"><strong data-start=\"1950\" data-end=\"1957\">FIX<\/strong> \u2014 uuendav sari, mis on suunatud naharakkude regeneratsioonile ja taastamisele.<br data-start=\"2036\" data-end=\"2039\" \/><strong data-start=\"2039\" data-end=\"2051\">NUTRIENT<\/strong> \u2014 toitev sari naha varustamiseks vajalike toitainetega.<br data-start=\"2107\" data-end=\"2110\" \/><strong data-start=\"2110\" data-end=\"2119\">HYDRA<\/strong> \u2014 niisutav sari optimaalse niiskustaseme s\u00e4ilitamiseks.<br data-start=\"2175\" data-end=\"2178\" \/><strong data-start=\"2178\" data-end=\"2186\">FIRM<\/strong> \u2014 tugevdav sari naha elastsuse ja vetruvuse parandamiseks.<br data-start=\"2245\" data-end=\"2248\" \/><strong data-start=\"2248\" data-end=\"2256\">GLOW<\/strong> \u2014 sari nahatooni parandamiseks ja s\u00e4ra andmiseks.<\/p>\n<p data-start=\"2308\" data-end=\"2430\">Kokku sisaldab kollektsioon \u00fcle 40 koduhooldustootega, mis v\u00f5imaldavad luua personaalse hoolduss\u00fcsteemi igale nahat\u00fc\u00fcbile.<\/p>\n<h3 data-start=\"2432\" data-end=\"2477\"><strong data-start=\"2432\" data-end=\"2477\">LINE REPAIR professionaalsed protseduurid<\/strong><\/h3>\n<p data-start=\"2479\" data-end=\"2639\">LINE REPAIR ei ole lihtsalt kosmeetiline sari, vaid terviklik professionaalne programm, mis v\u00f5imaldab kosmeetikutel t\u00f5husalt t\u00f6\u00f6tada vananemismuutustega nahaga.<\/p>\n<p data-start=\"2641\" data-end=\"2680\">LINE REPAIR salongiprotokollid tagavad:<\/p>\n<ul>\n<li data-start=\"2682\" data-end=\"2825\">naha tervikliku noorendamise;<\/li>\n<li data-start=\"2682\" data-end=\"2825\">naha tiheduse ja elastsuse taastamise;<\/li>\n<li data-start=\"2682\" data-end=\"2825\">naha tekstuuri ja tooni paranemise;<\/li>\n<li data-start=\"2682\" data-end=\"2825\">naha kvaliteedi m\u00e4rgatava t\u00f5usu.<\/li>\n<\/ul>\n<p data-start=\"2827\" data-end=\"3005\" data-is-last-node=\"\" data-is-only-node=\"\">LINE REPAIR kollektsiooni koduhooldustooted pikendavad ja v\u00f5imendavad protseduuride tulemusi, aidates nahal s\u00e4ilitada nooruslikkust, v\u00e4rskust ja s\u00e4ra kosmeetiku k\u00fclastuste vahel.<\/p>\n<\/div><\/section><br \/>\n<div  class='avia-button-wrap av-mj70ga2f-f7217622a525f7f8371a86b103ffeffa-wrap avia-button-center  avia-builder-el-5  el_after_av_textblock  el_before_av_button '><a href='https:\/\/christinakosmeetika.ee\/et\/linii-cosmetici-christina-2\/'  class='avia-button av-mj70ga2f-f7217622a525f7f8371a86b103ffeffa av-link-btn avia-icon_select-no avia-size-small avia-position-center avia-color-theme-color'   aria-label=\"Tagasi liinidesse\"><span class='avia_iconbox_title' >Tagasi liinidesse<\/span><\/a><\/div><br \/>\n<div  class='avia-button-wrap av-mk9ajn3h-d99e1482fd93b9db7659f8cfdbdae96a-wrap avia-button-center  avia-builder-el-6  el_after_av_button  avia-builder-el-last '><a href='https:\/\/christinakosmeetika.ee\/et\/shop\/?filter_linii-kosmetiki=line-repair-et'  class='avia-button av-mk9ajn3h-d99e1482fd93b9db7659f8cfdbdae96a av-link-btn avia-icon_select-no avia-size-small avia-position-center avia-color-theme-color'   aria-label=\"Osta\"><span class='avia_iconbox_title' >Osta<\/span><\/a><\/div><\/p>\n<\/div><\/div><\/div>\n","protected":false},"excerpt":{"rendered":"","protected":false},"author":2,"featured_media":0,"parent":0,"menu_order":0,"comment_status":"closed","ping_status":"closed","template":"","meta":{"footnotes":""},"class_list":["post-10134","page","type-page","status-publish","hentry"],"yoast_head":"<!-- This site is optimized with the Yoast SEO plugin v27.5 - https:\/\/yoast.com\/product\/yoast-seo-wordpress\/ -->\n<title>LINE REPAIR - Christinakosmeetika<\/title>\n<meta name=\"robots\" content=\"index, follow, max-snippet:-1, max-image-preview:large, max-video-preview:-1\" \/>\n<link rel=\"canonical\" href=\"https:\/\/christinakosmeetika.ee\/et\/line-repair\/\" \/>\n<meta property=\"og:locale\" content=\"et_EE\" \/>\n<meta property=\"og:type\" content=\"article\" \/>\n<meta property=\"og:title\" content=\"LINE REPAIR - Christinakosmeetika\" \/>\n<meta property=\"og:url\" content=\"https:\/\/christinakosmeetika.ee\/et\/line-repair\/\" \/>\n<meta property=\"og:site_name\" content=\"Christinakosmeetika\" \/>\n<meta property=\"article:modified_time\" content=\"2026-01-11T05:26:10+00:00\" \/>\n<meta name=\"twitter:card\" content=\"summary_large_image\" \/>\n<meta name=\"twitter:label1\" content=\"Est. reading time\" \/>\n\t<meta name=\"twitter:data1\" content=\"2 minutit\" \/>\n<script type=\"application\/ld+json\" class=\"yoast-schema-graph\">{\"@context\":\"https:\\\/\\\/schema.org\",\"@graph\":[{\"@type\":\"WebPage\",\"@id\":\"https:\\\/\\\/christinakosmeetika.ee\\\/et\\\/line-repair\\\/\",\"url\":\"https:\\\/\\\/christinakosmeetika.ee\\\/et\\\/line-repair\\\/\",\"name\":\"LINE REPAIR - Christinakosmeetika\",\"isPartOf\":{\"@id\":\"https:\\\/\\\/christinakosmeetika.ee\\\/#website\"},\"datePublished\":\"2025-12-15T17:29:56+00:00\",\"dateModified\":\"2026-01-11T05:26:10+00:00\",\"breadcrumb\":{\"@id\":\"https:\\\/\\\/christinakosmeetika.ee\\\/et\\\/line-repair\\\/#breadcrumb\"},\"inLanguage\":\"et\",\"potentialAction\":[{\"@type\":\"ReadAction\",\"target\":[\"https:\\\/\\\/christinakosmeetika.ee\\\/et\\\/line-repair\\\/\"]}]},{\"@type\":\"BreadcrumbList\",\"@id\":\"https:\\\/\\\/christinakosmeetika.ee\\\/et\\\/line-repair\\\/#breadcrumb\",\"itemListElement\":[{\"@type\":\"ListItem\",\"position\":1,\"name\":\"\u0413\u043b\u0430\u0432\u043d\u0430\u044f \u0441\u0442\u0440\u0430\u043d\u0438\u0446\u0430\",\"item\":\"https:\\\/\\\/christinakosmeetika.ee\\\/et\\\/\"},{\"@type\":\"ListItem\",\"position\":2,\"name\":\"LINE REPAIR\"}]},{\"@type\":\"WebSite\",\"@id\":\"https:\\\/\\\/christinakosmeetika.ee\\\/#website\",\"url\":\"https:\\\/\\\/christinakosmeetika.ee\\\/\",\"name\":\"Christinakosmeetika\",\"description\":\"Christina kosmeetika Eestis\",\"alternateName\":\"Christina kosmeetika Eestis\",\"potentialAction\":[{\"@type\":\"SearchAction\",\"target\":{\"@type\":\"EntryPoint\",\"urlTemplate\":\"https:\\\/\\\/christinakosmeetika.ee\\\/?s={search_term_string}\"},\"query-input\":{\"@type\":\"PropertyValueSpecification\",\"valueRequired\":true,\"valueName\":\"search_term_string\"}}],\"inLanguage\":\"et\"}]}<\/script>\n<!-- \/ Yoast SEO plugin. -->","yoast_head_json":{"title":"LINE REPAIR - Christinakosmeetika","robots":{"index":"index","follow":"follow","max-snippet":"max-snippet:-1","max-image-preview":"max-image-preview:large","max-video-preview":"max-video-preview:-1"},"canonical":"https:\/\/christinakosmeetika.ee\/et\/line-repair\/","og_locale":"et_EE","og_type":"article","og_title":"LINE REPAIR - Christinakosmeetika","og_url":"https:\/\/christinakosmeetika.ee\/et\/line-repair\/","og_site_name":"Christinakosmeetika","article_modified_time":"2026-01-11T05:26:10+00:00","twitter_card":"summary_large_image","twitter_misc":{"Est. reading time":"2 minutit"},"schema":{"@context":"https:\/\/schema.org","@graph":[{"@type":"WebPage","@id":"https:\/\/christinakosmeetika.ee\/et\/line-repair\/","url":"https:\/\/christinakosmeetika.ee\/et\/line-repair\/","name":"LINE REPAIR - Christinakosmeetika","isPartOf":{"@id":"https:\/\/christinakosmeetika.ee\/#website"},"datePublished":"2025-12-15T17:29:56+00:00","dateModified":"2026-01-11T05:26:10+00:00","breadcrumb":{"@id":"https:\/\/christinakosmeetika.ee\/et\/line-repair\/#breadcrumb"},"inLanguage":"et","potentialAction":[{"@type":"ReadAction","target":["https:\/\/christinakosmeetika.ee\/et\/line-repair\/"]}]},{"@type":"BreadcrumbList","@id":"https:\/\/christinakosmeetika.ee\/et\/line-repair\/#breadcrumb","itemListElement":[{"@type":"ListItem","position":1,"name":"\u0413\u043b\u0430\u0432\u043d\u0430\u044f \u0441\u0442\u0440\u0430\u043d\u0438\u0446\u0430","item":"https:\/\/christinakosmeetika.ee\/et\/"},{"@type":"ListItem","position":2,"name":"LINE REPAIR"}]},{"@type":"WebSite","@id":"https:\/\/christinakosmeetika.ee\/#website","url":"https:\/\/christinakosmeetika.ee\/","name":"Christinakosmeetika","description":"Christina kosmeetika Eestis","alternateName":"Christina kosmeetika Eestis","potentialAction":[{"@type":"SearchAction","target":{"@type":"EntryPoint","urlTemplate":"https:\/\/christinakosmeetika.ee\/?s={search_term_string}"},"query-input":{"@type":"PropertyValueSpecification","valueRequired":true,"valueName":"search_term_string"}}],"inLanguage":"et"}]}},"_links":{"self":[{"href":"https:\/\/christinakosmeetika.ee\/et\/wp-json\/wp\/v2\/pages\/10134","targetHints":{"allow":["GET"]}}],"collection":[{"href":"https:\/\/christinakosmeetika.ee\/et\/wp-json\/wp\/v2\/pages"}],"about":[{"href":"https:\/\/christinakosmeetika.ee\/et\/wp-json\/wp\/v2\/types\/page"}],"author":[{"embeddable":true,"href":"https:\/\/christinakosmeetika.ee\/et\/wp-json\/wp\/v2\/users\/2"}],"replies":[{"embeddable":true,"href":"https:\/\/christinakosmeetika.ee\/et\/wp-json\/wp\/v2\/comments?post=10134"}],"version-history":[{"count":0,"href":"https:\/\/christinakosmeetika.ee\/et\/wp-json\/wp\/v2\/pages\/10134\/revisions"}],"wp:attachment":[{"href":"https:\/\/christinakosmeetika.ee\/et\/wp-json\/wp\/v2\/media?parent=10134"}],"curies":[{"name":"wp","href":"https:\/\/api.w.org\/{rel}","templated":true}]}}