{"id":10101,"date":"2025-12-15T12:14:03","date_gmt":"2025-12-15T10:14:03","guid":{"rendered":"https:\/\/christinakosmeetika.ee\/forever-young\/"},"modified":"2026-01-11T07:19:27","modified_gmt":"2026-01-11T05:19:27","slug":"forever-young","status":"publish","type":"page","link":"https:\/\/christinakosmeetika.ee\/et\/forever-young\/","title":{"rendered":"Forever Young"},"content":{"rendered":"<div id='av-layout-grid-1'  class='av-layout-grid-container av-5vgybh-6110962141a6620ace609b3e18509d7c entry-content-wrapper main_color av-flex-cells  avia-builder-el-0  avia-builder-el-no-sibling   container_wrap sidebar_right'  >\n<div class='flex_cell av-3wl319-c261e3658e24180216893c9c5b35bf64 av-gridrow-cell av_one_half no_margin  avia-builder-el-1  el_before_av_cell_one_half  avia-builder-el-first '  ><div class='flex_cell_inner'><div  class='avia-video av-mj6zw8wp-d904813a8094d620bb3734efcfddadcd avia-video-16-9 av-no-preview-image avia-video-load-always avia-video-html5'  itemprop=\"video\" itemtype=\"https:\/\/schema.org\/VideoObject\"  data-original_url='https:\/\/christinakosmeetika.ee\/wp-content\/uploads\/2025\/12\/fY_rus.mp4'><video class='avia_video'    preload=\"auto\"  controls id='player_10101_140189155_1973911383'><source src='https:\/\/christinakosmeetika.ee\/wp-content\/uploads\/2025\/12\/fY_rus.mp4' type='video\/mp4' \/><\/video><\/div>\n<\/div><\/div><div class='flex_cell av-2jk931-2d795ef976bcd45a3fa051afdec329e1 av-gridrow-cell av_one_half no_margin  avia-builder-el-3  el_after_av_cell_one_half  avia-builder-el-last '  ><div class='flex_cell_inner'><section  class='av_textblock_section av-mj6zwysu-4ba2f7f4e8a932130c5109374181cad4 '   itemscope=\"itemscope\" itemtype=\"https:\/\/schema.org\/CreativeWork\" ><div class='avia_textblock'  itemprop=\"text\" ><h3 data-start=\"0\" data-end=\"36\"><strong data-start=\"0\" data-end=\"36\">FOREVER YOUNG kasutamise tulemus<\/strong><\/h3>\n<p data-start=\"38\" data-end=\"100\">FOREVER YOUNG sarja toodete regulaarse kasutamise korral nahk:<\/p>\n<ul>\n<li data-start=\"102\" data-end=\"280\">muutub siledamaks ja elastsemaks;<\/li>\n<li data-start=\"102\" data-end=\"280\">n\u00e4eb v\u00e4lja v\u00e4rske ja puhanud;<\/li>\n<li data-start=\"102\" data-end=\"280\">omandab \u00fchtlase nahatooni ja loomuliku s\u00e4ra;<\/li>\n<li data-start=\"102\" data-end=\"280\">hoiab niiskust paremini;<\/li>\n<li data-start=\"102\" data-end=\"280\">n\u00e4eb hoolitsetud ja nooruslik v\u00e4lja.<\/li>\n<\/ul>\n<p data-start=\"282\" data-end=\"394\">FOREVER YOUNG toetab nahka perioodil, mil on eriti oluline mitte \u201eravida vanust\u201c, vaid seda teadlikult ennetada.<\/p>\n<h3 data-start=\"396\" data-end=\"437\"><strong data-start=\"396\" data-end=\"437\">Kellele on FOREVER YOUNG sari m\u00f5eldud<\/strong><\/h3>\n<p data-start=\"439\" data-end=\"463\">FOREVER YOUNG on loodud:<\/p>\n<ul>\n<li data-start=\"465\" data-end=\"670\">30\u201345-aastasele nahale;<\/li>\n<li data-start=\"465\" data-end=\"670\">esimeste miimiliste ja vananemisega seotud kortsude korral;<\/li>\n<li data-start=\"465\" data-end=\"670\">naha toonuse ja elastsuse v\u00e4henemisel;<\/li>\n<li data-start=\"465\" data-end=\"670\">niiskusvaeguses ja tuhmi ilmega nahale;<\/li>\n<li data-start=\"465\" data-end=\"670\">enneaegse vananemise ennetamiseks.<\/li>\n<\/ul>\n<p data-start=\"672\" data-end=\"838\">Sari sobib erinevatele nahat\u00fc\u00fcpidele ning seda saab kasutada nii professionaalsetes hooldustes kui ka koduhoolduses, v\u00f5imendades ja pikendades protseduuride tulemust.<\/p>\n<h3 data-start=\"840\" data-end=\"865\"><strong data-start=\"840\" data-end=\"865\">FOREVER YOUNG eelised<\/strong><\/h3>\n<ul>\n<li data-start=\"867\" data-end=\"1079\">esimeste vananemism\u00e4rkide ennetamine ja korrigeerimine;<\/li>\n<li data-start=\"867\" data-end=\"1079\">naha elastsuse ja vetruvuse parandamine;<\/li>\n<li data-start=\"867\" data-end=\"1079\">intensiivne niisutus ja mugavustunne;<\/li>\n<li data-start=\"867\" data-end=\"1079\">naha tekstuuri ja tooni \u00fchtlustamine;<\/li>\n<li data-start=\"867\" data-end=\"1079\">v\u00e4rske ja hoolitsetud nahailme.<\/li>\n<\/ul>\n<h3 data-start=\"1081\" data-end=\"1128\"><strong data-start=\"1081\" data-end=\"1128\">FOREVER YOUNG lahendab j\u00e4rgmised probleemid<\/strong><\/h3>\n<ul>\n<li data-start=\"1130\" data-end=\"1312\">ennetab naha vananemisprotsesse;<\/li>\n<li data-start=\"1130\" data-end=\"1312\">stimuleerib rakkude uuenemist;<\/li>\n<li data-start=\"1130\" data-end=\"1312\">suurendab naha tihedust ja elastsust;<\/li>\n<li data-start=\"1130\" data-end=\"1312\">parandab naha tekstuuri ja tooni;<\/li>\n<li data-start=\"1130\" data-end=\"1312\">annab nahale terve ja v\u00e4rske v\u00e4limuse.<\/li>\n<\/ul>\n<h3 data-start=\"1314\" data-end=\"1336\"><strong data-start=\"1314\" data-end=\"1336\">Kasutusn\u00e4idustused<\/strong><\/h3>\n<ul>\n<li data-start=\"1338\" data-end=\"1511\">peened miimilised kortsud;<\/li>\n<li data-start=\"1338\" data-end=\"1511\">esimesed vananemisega seotud kortsud;<\/li>\n<li data-start=\"1338\" data-end=\"1511\">eba\u00fchtlane nahatekstuur;<\/li>\n<li data-start=\"1338\" data-end=\"1511\">naha elastsuse v\u00e4henemine;<\/li>\n<li data-start=\"1338\" data-end=\"1511\">deh\u00fcdreeritud nahk;<\/li>\n<li data-start=\"1338\" data-end=\"1511\">l\u00f5tv ja tuhmi ilmega nahk.<\/li>\n<\/ul>\n<h3 data-start=\"1513\" data-end=\"1547\"><strong data-start=\"1513\" data-end=\"1547\">FOREVER YOUNG sarja tootevalik<\/strong><\/h3>\n<p data-start=\"1549\" data-end=\"1563\">Sari sisaldab:<\/p>\n<ul>\n<li data-start=\"1565\" data-end=\"1710\">vananemisvastaseid seerumeid;<\/li>\n<li data-start=\"1565\" data-end=\"1710\">niisutavaid ja tugevdavaid kreeme;<\/li>\n<li data-start=\"1565\" data-end=\"1710\">silma\u00fcmbruse hooldustooteid;<\/li>\n<li data-start=\"1565\" data-end=\"1710\">maske ja lisatooteid terviklikuks hoolduseks.<\/li>\n<\/ul>\n<p data-start=\"1712\" data-end=\"1825\" data-is-last-node=\"\" data-is-only-node=\"\">FOREVER YOUNG on mugav ja t\u00f5hus hoolduss\u00fcsteem, mis aitab nahal kauem p\u00fcsida noorusliku, hoolitsetud ja s\u00e4ravana.<\/p>\n<\/div><\/section><br \/>\n<div  class='avia-button-wrap av-mj6zxv0c-aaed997c0e0885a73ea2b0587cbedc3d-wrap avia-button-center  avia-builder-el-5  el_after_av_textblock  el_before_av_button '><a href='https:\/\/christinakosmeetika.ee\/et\/linii-cosmetici-christina-2\/'  class='avia-button av-mj6zxv0c-aaed997c0e0885a73ea2b0587cbedc3d av-link-btn avia-icon_select-no avia-size-small avia-position-center avia-color-theme-color'   aria-label=\"Tagasi sarja\"><span class='avia_iconbox_title' >Tagasi sarja<\/span><\/a><\/div><br \/>\n<div  class='avia-button-wrap av-mk9aayy2-2d34abcaf8668113751f9589a89212d0-wrap avia-button-center  avia-builder-el-6  el_after_av_button  avia-builder-el-last '><a href='https:\/\/christinakosmeetika.ee\/et\/shop\/?filter_linii-kosmetiki=forever-young-et'  class='avia-button av-mk9aayy2-2d34abcaf8668113751f9589a89212d0 av-link-btn avia-icon_select-no avia-size-small avia-position-center avia-color-theme-color'   aria-label=\"Osta\"><span class='avia_iconbox_title' >Osta<\/span><\/a><\/div><\/p>\n<\/div><\/div><\/div>\n","protected":false},"excerpt":{"rendered":"","protected":false},"author":2,"featured_media":0,"parent":0,"menu_order":0,"comment_status":"closed","ping_status":"closed","template":"","meta":{"footnotes":""},"class_list":["post-10101","page","type-page","status-publish","hentry"],"yoast_head":"<!-- This site is optimized with the Yoast SEO plugin v27.5 - https:\/\/yoast.com\/product\/yoast-seo-wordpress\/ -->\n<title>Forever Young - Christinakosmeetika<\/title>\n<meta name=\"robots\" content=\"index, follow, max-snippet:-1, max-image-preview:large, max-video-preview:-1\" \/>\n<link rel=\"canonical\" href=\"https:\/\/christinakosmeetika.ee\/et\/forever-young\/\" \/>\n<meta property=\"og:locale\" content=\"et_EE\" \/>\n<meta property=\"og:type\" content=\"article\" \/>\n<meta property=\"og:title\" content=\"Forever Young - Christinakosmeetika\" \/>\n<meta property=\"og:url\" content=\"https:\/\/christinakosmeetika.ee\/et\/forever-young\/\" \/>\n<meta property=\"og:site_name\" content=\"Christinakosmeetika\" \/>\n<meta property=\"article:modified_time\" content=\"2026-01-11T05:19:27+00:00\" \/>\n<meta name=\"twitter:card\" content=\"summary_large_image\" \/>\n<meta name=\"twitter:label1\" content=\"Est. reading time\" \/>\n\t<meta name=\"twitter:data1\" content=\"2 minutit\" \/>\n<script type=\"application\/ld+json\" class=\"yoast-schema-graph\">{\"@context\":\"https:\\\/\\\/schema.org\",\"@graph\":[{\"@type\":\"WebPage\",\"@id\":\"https:\\\/\\\/christinakosmeetika.ee\\\/et\\\/forever-young\\\/\",\"url\":\"https:\\\/\\\/christinakosmeetika.ee\\\/et\\\/forever-young\\\/\",\"name\":\"Forever Young - Christinakosmeetika\",\"isPartOf\":{\"@id\":\"https:\\\/\\\/christinakosmeetika.ee\\\/#website\"},\"datePublished\":\"2025-12-15T10:14:03+00:00\",\"dateModified\":\"2026-01-11T05:19:27+00:00\",\"breadcrumb\":{\"@id\":\"https:\\\/\\\/christinakosmeetika.ee\\\/et\\\/forever-young\\\/#breadcrumb\"},\"inLanguage\":\"et\",\"potentialAction\":[{\"@type\":\"ReadAction\",\"target\":[\"https:\\\/\\\/christinakosmeetika.ee\\\/et\\\/forever-young\\\/\"]}]},{\"@type\":\"BreadcrumbList\",\"@id\":\"https:\\\/\\\/christinakosmeetika.ee\\\/et\\\/forever-young\\\/#breadcrumb\",\"itemListElement\":[{\"@type\":\"ListItem\",\"position\":1,\"name\":\"\u0413\u043b\u0430\u0432\u043d\u0430\u044f \u0441\u0442\u0440\u0430\u043d\u0438\u0446\u0430\",\"item\":\"https:\\\/\\\/christinakosmeetika.ee\\\/et\\\/\"},{\"@type\":\"ListItem\",\"position\":2,\"name\":\"Forever Young\"}]},{\"@type\":\"WebSite\",\"@id\":\"https:\\\/\\\/christinakosmeetika.ee\\\/#website\",\"url\":\"https:\\\/\\\/christinakosmeetika.ee\\\/\",\"name\":\"Christinakosmeetika\",\"description\":\"Christina kosmeetika Eestis\",\"alternateName\":\"Christina kosmeetika Eestis\",\"potentialAction\":[{\"@type\":\"SearchAction\",\"target\":{\"@type\":\"EntryPoint\",\"urlTemplate\":\"https:\\\/\\\/christinakosmeetika.ee\\\/?s={search_term_string}\"},\"query-input\":{\"@type\":\"PropertyValueSpecification\",\"valueRequired\":true,\"valueName\":\"search_term_string\"}}],\"inLanguage\":\"et\"}]}<\/script>\n<!-- \/ Yoast SEO plugin. -->","yoast_head_json":{"title":"Forever Young - Christinakosmeetika","robots":{"index":"index","follow":"follow","max-snippet":"max-snippet:-1","max-image-preview":"max-image-preview:large","max-video-preview":"max-video-preview:-1"},"canonical":"https:\/\/christinakosmeetika.ee\/et\/forever-young\/","og_locale":"et_EE","og_type":"article","og_title":"Forever Young - Christinakosmeetika","og_url":"https:\/\/christinakosmeetika.ee\/et\/forever-young\/","og_site_name":"Christinakosmeetika","article_modified_time":"2026-01-11T05:19:27+00:00","twitter_card":"summary_large_image","twitter_misc":{"Est. reading time":"2 minutit"},"schema":{"@context":"https:\/\/schema.org","@graph":[{"@type":"WebPage","@id":"https:\/\/christinakosmeetika.ee\/et\/forever-young\/","url":"https:\/\/christinakosmeetika.ee\/et\/forever-young\/","name":"Forever Young - Christinakosmeetika","isPartOf":{"@id":"https:\/\/christinakosmeetika.ee\/#website"},"datePublished":"2025-12-15T10:14:03+00:00","dateModified":"2026-01-11T05:19:27+00:00","breadcrumb":{"@id":"https:\/\/christinakosmeetika.ee\/et\/forever-young\/#breadcrumb"},"inLanguage":"et","potentialAction":[{"@type":"ReadAction","target":["https:\/\/christinakosmeetika.ee\/et\/forever-young\/"]}]},{"@type":"BreadcrumbList","@id":"https:\/\/christinakosmeetika.ee\/et\/forever-young\/#breadcrumb","itemListElement":[{"@type":"ListItem","position":1,"name":"\u0413\u043b\u0430\u0432\u043d\u0430\u044f \u0441\u0442\u0440\u0430\u043d\u0438\u0446\u0430","item":"https:\/\/christinakosmeetika.ee\/et\/"},{"@type":"ListItem","position":2,"name":"Forever Young"}]},{"@type":"WebSite","@id":"https:\/\/christinakosmeetika.ee\/#website","url":"https:\/\/christinakosmeetika.ee\/","name":"Christinakosmeetika","description":"Christina kosmeetika Eestis","alternateName":"Christina kosmeetika Eestis","potentialAction":[{"@type":"SearchAction","target":{"@type":"EntryPoint","urlTemplate":"https:\/\/christinakosmeetika.ee\/?s={search_term_string}"},"query-input":{"@type":"PropertyValueSpecification","valueRequired":true,"valueName":"search_term_string"}}],"inLanguage":"et"}]}},"_links":{"self":[{"href":"https:\/\/christinakosmeetika.ee\/et\/wp-json\/wp\/v2\/pages\/10101","targetHints":{"allow":["GET"]}}],"collection":[{"href":"https:\/\/christinakosmeetika.ee\/et\/wp-json\/wp\/v2\/pages"}],"about":[{"href":"https:\/\/christinakosmeetika.ee\/et\/wp-json\/wp\/v2\/types\/page"}],"author":[{"embeddable":true,"href":"https:\/\/christinakosmeetika.ee\/et\/wp-json\/wp\/v2\/users\/2"}],"replies":[{"embeddable":true,"href":"https:\/\/christinakosmeetika.ee\/et\/wp-json\/wp\/v2\/comments?post=10101"}],"version-history":[{"count":0,"href":"https:\/\/christinakosmeetika.ee\/et\/wp-json\/wp\/v2\/pages\/10101\/revisions"}],"wp:attachment":[{"href":"https:\/\/christinakosmeetika.ee\/et\/wp-json\/wp\/v2\/media?parent=10101"}],"curies":[{"name":"wp","href":"https:\/\/api.w.org\/{rel}","templated":true}]}}