{"id":10048,"date":"2025-12-15T12:23:38","date_gmt":"2025-12-15T10:23:38","guid":{"rendered":"https:\/\/christinakosmeetika.ee\/nuance\/"},"modified":"2026-01-11T01:16:27","modified_gmt":"2026-01-10T23:16:27","slug":"nuance","status":"publish","type":"page","link":"https:\/\/christinakosmeetika.ee\/et\/nuance\/","title":{"rendered":"Nuance"},"content":{"rendered":"<div id='av-layout-grid-1'  class='av-layout-grid-container av-59o25l-17037438274dd8a31ab7677a3b851fc7 entry-content-wrapper main_color av-flex-cells  avia-builder-el-0  avia-builder-el-no-sibling   container_wrap sidebar_right'  >\n<div class='flex_cell av-3ium49-ba3285b78c9fa15e46ae7823ed6196a9 av-gridrow-cell av_one_half no_margin  avia-builder-el-1  el_before_av_cell_one_half  avia-builder-el-first '  ><div class='flex_cell_inner'><div  class='avia-video av-mj707uu4-822a872badc25f9ad4c57df9ff766348 avia-video-16-9 av-no-preview-image avia-video-load-always avia-video-html5'  itemprop=\"video\" itemtype=\"https:\/\/schema.org\/VideoObject\"  data-original_url='https:\/\/christinakosmeetika.ee\/wp-content\/uploads\/2025\/11\/\u041f\u0440\u043e\u0446\u0435\u0434\u0443\u0440\u0430-NUANCE_\u043e\u0442-\u041a\u0440\u0438\u0441\u0442\u0438\u043d\u044b-\u041c.mp4'><video class='avia_video'    preload=\"auto\"  controls id='player_10048_176669788_1223650924'><source src='https:\/\/christinakosmeetika.ee\/wp-content\/uploads\/2025\/11\/\u041f\u0440\u043e\u0446\u0435\u0434\u0443\u0440\u0430-NUANCE_\u043e\u0442-\u041a\u0440\u0438\u0441\u0442\u0438\u043d\u044b-\u041c.mp4' type='video\/mp4' \/><\/video><\/div>\n<\/div><\/div><div class='flex_cell av-2jrjft-c0db541685ee64d2f23131d2d9b008c5 av-gridrow-cell av_one_half no_margin  avia-builder-el-3  el_after_av_cell_one_half  avia-builder-el-last '  ><div class='flex_cell_inner'><section  class='av_textblock_section av-mj70930z-8accf1a36031fe6db27f9b433b6b5d4c '   itemscope=\"itemscope\" itemtype=\"https:\/\/schema.org\/CreativeWork\" ><div class='avia_textblock'  itemprop=\"text\" ><h3 data-start=\"0\" data-end=\"42\"><strong data-start=\"0\" data-end=\"42\">Kellele on NUANCE kollektsioon m\u00f5eldud<\/strong><\/h3>\n<p data-start=\"44\" data-end=\"308\">NUANCE on premium-tasemel toodete kollektsioon, mis on loodud nii professionaalseteks salongiprotseduurideks kui ka t\u00e4isv\u00e4\u00e4rtuslikuks koduseks hoolduseks.<br data-start=\"198\" data-end=\"201\" \/>See sari on spetsiaalselt v\u00e4lja t\u00f6\u00f6tatud k\u00fcpsele nahale, mis vajab taastamist, elastsust, tihedust ja s\u00e4ra.<\/p>\n<p data-start=\"310\" data-end=\"689\">NUANCE pakub v\u00e4ljendunud noorendavat efekti: nahk muutub iga protseduuriga tihedamaks, siledamaks, v\u00e4rskemaks ja nooruslikumaks.<br data-start=\"438\" data-end=\"441\" \/>K\u00fcps nahk ei vaja lihtsalt hooldust \u2014 see vajab s\u00fcsteemi, mis arvestab bioloogilisi erip\u00e4rasid, aeglustab vananemisprotsesse ja aitab s\u00e4ilitada ilu, t\u00f6\u00f6tades bioloogilise, mitte kronoloogilise vanusega. Just selliseks s\u00fcsteemiks ongi NUANCE loodud.<\/p>\n<h3 data-start=\"691\" data-end=\"709\"><strong data-start=\"691\" data-end=\"709\">NUANCE eelised<\/strong><\/h3>\n<p data-start=\"711\" data-end=\"1368\">Kompleksne vananemisvastane toime: m\u00f5ju naha k\u00f5ikidel tasanditel \u2014 alates raku uuenemisest kuni dermise tugevdamiseni.<br data-start=\"829\" data-end=\"832\" \/>Tugev antioks\u00fcdantne kaitse: neutraliseerib vabu radikaale, ennetab fotovananemist ning aitab s\u00e4ilitada naha nooruslikkust stressi ja v\u00e4liskeskkonna m\u00f5jude tingimustes.<br data-start=\"1000\" data-end=\"1003\" \/>N\u00e4htav liftingu- ja s\u00e4raefekt: nahk muutub siledamaks, tihedamaks ja v\u00e4rskemaks juba p\u00e4rast esimesi kasutuskordi.<br data-start=\"1116\" data-end=\"1119\" \/>Intensiivne niisutus: fermenteeritud h\u00fcaluroonhape tungib s\u00fcgavamale, tagades pikaajalise niisutuse ja naha vol\u00fc\u00fcmi.<br data-start=\"1235\" data-end=\"1238\" \/>L\u00e4bim\u00f5eldud hooldus: NUANCE taastab, kaitseb, toidab ja rahustab nahka samaaegselt \u2014 ideaalne tasakaal t\u00f5hususe ja mugavuse vahel.<\/p>\n<h3 data-start=\"1370\" data-end=\"1410\"><strong data-start=\"1370\" data-end=\"1410\">NUANCE lahendab j\u00e4rgmised probleemid<\/strong><\/h3>\n<ul>\n<li data-start=\"1412\" data-end=\"1580\">V\u00e4hendab kortse ja fotovananemise m\u00e4rke<\/li>\n<li data-start=\"1412\" data-end=\"1580\">Suurendab naha elastsust ja tihedust<\/li>\n<li data-start=\"1412\" data-end=\"1580\">\u00dchtlustab naha tekstuuri ja tooni<\/li>\n<li data-start=\"1412\" data-end=\"1580\">Niisutab ja toidab s\u00fcgavuti<\/li>\n<li data-start=\"1412\" data-end=\"1580\">Heledab pigmendilaike<\/li>\n<\/ul>\n<h3 data-start=\"1582\" data-end=\"1607\"><strong data-start=\"1582\" data-end=\"1607\">Aktiivsed koostisosad<\/strong><\/h3>\n<ul>\n<li data-start=\"1609\" data-end=\"2169\"><strong>Peptiidid ja feruulhape tugevdavad<\/strong> naha kaitsebarj\u00e4\u00e4ri ja kaitsevad oks\u00fcdatiivse stressi eest.<\/li>\n<li data-start=\"1609\" data-end=\"2169\"><strong>Retinoidid ja C-vitamiin<\/strong> kiirendavad rakkude uuenemist, \u00fchtlustavad nahatooni, v\u00e4hendavad pigmentatsiooni ja stimuleerivad kollageeni tootmist.<\/li>\n<li data-start=\"1609\" data-end=\"2169\"><strong>Niatsiinamiid ja vaarikaekstrakt<\/strong> tugevdavad naha struktuuri ning suurendavad selle elastsust ja vastupidavust.<\/li>\n<li data-start=\"1609\" data-end=\"2169\"><strong>Fermenteeritud h\u00fcaluroonhape<\/strong> niisutab s\u00fcgavuti ja pikaajaliselt, t\u00e4ites naha niiskusega seestpoolt.<\/li>\n<li data-start=\"1609\" data-end=\"2169\"><strong>Liposomaalne melatoniin<\/strong> aktiveerib \u00f6ise taastumisprotsessi, suurendades \u00f6\u00f6hooldustoodete efektiivsust.<\/li>\n<\/ul>\n<h3 data-start=\"2171\" data-end=\"2211\"><strong data-start=\"2171\" data-end=\"2211\">NUANCE professionaalsed protseduurid<\/strong><\/h3>\n<p data-start=\"2213\" data-end=\"2390\">NUANCE ei ole lihtsalt kosmeetikatoodete kollektsioon, vaid terviklik professionaalne vananemisvastane s\u00fcsteem, mis v\u00f5imaldab kosmeetikutel t\u00f6\u00f6tada s\u00fcgavuti, t\u00f5husalt ja \u00f5rnalt.<\/p>\n<p data-start=\"2392\" data-end=\"2428\">Mitmeetapilised protokollid tagavad:<\/p>\n<ul>\n<li data-start=\"2430\" data-end=\"2601\">v\u00e4ljendunud naha uuenemise ilma \u00e4rrituseta;<\/li>\n<li data-start=\"2430\" data-end=\"2601\">kudede tugevdamise ja naha tiheduse paranemise;<\/li>\n<li data-start=\"2430\" data-end=\"2601\">n\u00e4htava liftingu;<\/li>\n<li data-start=\"2430\" data-end=\"2601\">naha barj\u00e4\u00e4ri taastamise ja naha kvaliteedi paranemise.<\/li>\n<\/ul>\n<p data-start=\"2603\" data-end=\"2783\">NUANCE\u2019iga t\u00f6\u00f6tades saab spetsialist pakkuda klientidele premium-tasemel hooldust ilma invasiivsete sekkumisteta, suurendada protseduuride t\u00f5husust ja tugevdada klientide usaldust.<\/p>\n<p data-start=\"2785\" data-end=\"2934\" data-is-last-node=\"\" data-is-only-node=\"\">NUANCE kollektsiooni koduhooldustooted pikendavad ja v\u00f5imendavad protseduuride tulemusi, hoides naha ideaalses seisundis kosmeetiku k\u00fclastuste vahel.<\/p>\n<p data-start=\"2611\" data-end=\"2956\">\n<\/div><\/section><br \/>\n<div  class='avia-button-wrap av-mj70a67j-79e3637575f22ee7e3caca6dcd5380f9-wrap avia-button-center  avia-builder-el-5  el_after_av_textblock  el_before_av_button '><a href='https:\/\/christinakosmeetika.ee\/et\/linii-cosmetici-christina-2\/'  class='avia-button av-mj70a67j-79e3637575f22ee7e3caca6dcd5380f9 av-link-btn avia-icon_select-no avia-size-small avia-position-center avia-color-theme-color'   aria-label=\"Tagasi sarja\"><span class='avia_iconbox_title' >Tagasi sarja<\/span><\/a><\/div><br \/>\n<div  class='avia-button-wrap av-mk8xc65f-e2f2ab4f1adc913a04a292647fd47986-wrap avia-button-center  avia-builder-el-6  el_after_av_button  avia-builder-el-last '><a href='https:\/\/christinakosmeetika.ee\/et\/shop\/?filter_linii-kosmetiki=nuance-et'  class='avia-button av-mk8xc65f-e2f2ab4f1adc913a04a292647fd47986 av-link-btn avia-icon_select-no avia-size-small avia-position-center avia-color-theme-color'   aria-label=\"Osta\"><span class='avia_iconbox_title' >Osta<\/span><\/a><\/div><\/p>\n<\/div><\/div><\/div>\n","protected":false},"excerpt":{"rendered":"","protected":false},"author":2,"featured_media":0,"parent":0,"menu_order":0,"comment_status":"closed","ping_status":"closed","template":"","meta":{"footnotes":""},"class_list":["post-10048","page","type-page","status-publish","hentry"],"yoast_head":"<!-- This site is optimized with the Yoast SEO plugin v27.5 - https:\/\/yoast.com\/product\/yoast-seo-wordpress\/ -->\n<title>Nuance - Christinakosmeetika<\/title>\n<meta name=\"robots\" content=\"index, follow, max-snippet:-1, max-image-preview:large, max-video-preview:-1\" \/>\n<link rel=\"canonical\" href=\"https:\/\/christinakosmeetika.ee\/et\/nuance\/\" \/>\n<meta property=\"og:locale\" content=\"et_EE\" \/>\n<meta property=\"og:type\" content=\"article\" \/>\n<meta property=\"og:title\" content=\"Nuance - Christinakosmeetika\" \/>\n<meta property=\"og:url\" content=\"https:\/\/christinakosmeetika.ee\/et\/nuance\/\" \/>\n<meta property=\"og:site_name\" content=\"Christinakosmeetika\" \/>\n<meta property=\"article:modified_time\" content=\"2026-01-10T23:16:27+00:00\" \/>\n<meta name=\"twitter:card\" content=\"summary_large_image\" \/>\n<meta name=\"twitter:label1\" content=\"Est. reading time\" \/>\n\t<meta name=\"twitter:data1\" content=\"2 minutit\" \/>\n<script type=\"application\/ld+json\" class=\"yoast-schema-graph\">{\"@context\":\"https:\\\/\\\/schema.org\",\"@graph\":[{\"@type\":\"WebPage\",\"@id\":\"https:\\\/\\\/christinakosmeetika.ee\\\/et\\\/nuance\\\/\",\"url\":\"https:\\\/\\\/christinakosmeetika.ee\\\/et\\\/nuance\\\/\",\"name\":\"Nuance - Christinakosmeetika\",\"isPartOf\":{\"@id\":\"https:\\\/\\\/christinakosmeetika.ee\\\/#website\"},\"datePublished\":\"2025-12-15T10:23:38+00:00\",\"dateModified\":\"2026-01-10T23:16:27+00:00\",\"breadcrumb\":{\"@id\":\"https:\\\/\\\/christinakosmeetika.ee\\\/et\\\/nuance\\\/#breadcrumb\"},\"inLanguage\":\"et\",\"potentialAction\":[{\"@type\":\"ReadAction\",\"target\":[\"https:\\\/\\\/christinakosmeetika.ee\\\/et\\\/nuance\\\/\"]}]},{\"@type\":\"BreadcrumbList\",\"@id\":\"https:\\\/\\\/christinakosmeetika.ee\\\/et\\\/nuance\\\/#breadcrumb\",\"itemListElement\":[{\"@type\":\"ListItem\",\"position\":1,\"name\":\"\u0413\u043b\u0430\u0432\u043d\u0430\u044f \u0441\u0442\u0440\u0430\u043d\u0438\u0446\u0430\",\"item\":\"https:\\\/\\\/christinakosmeetika.ee\\\/et\\\/\"},{\"@type\":\"ListItem\",\"position\":2,\"name\":\"Nuance\"}]},{\"@type\":\"WebSite\",\"@id\":\"https:\\\/\\\/christinakosmeetika.ee\\\/#website\",\"url\":\"https:\\\/\\\/christinakosmeetika.ee\\\/\",\"name\":\"Christinakosmeetika\",\"description\":\"Christina kosmeetika Eestis\",\"alternateName\":\"Christina kosmeetika Eestis\",\"potentialAction\":[{\"@type\":\"SearchAction\",\"target\":{\"@type\":\"EntryPoint\",\"urlTemplate\":\"https:\\\/\\\/christinakosmeetika.ee\\\/?s={search_term_string}\"},\"query-input\":{\"@type\":\"PropertyValueSpecification\",\"valueRequired\":true,\"valueName\":\"search_term_string\"}}],\"inLanguage\":\"et\"}]}<\/script>\n<!-- \/ Yoast SEO plugin. -->","yoast_head_json":{"title":"Nuance - Christinakosmeetika","robots":{"index":"index","follow":"follow","max-snippet":"max-snippet:-1","max-image-preview":"max-image-preview:large","max-video-preview":"max-video-preview:-1"},"canonical":"https:\/\/christinakosmeetika.ee\/et\/nuance\/","og_locale":"et_EE","og_type":"article","og_title":"Nuance - Christinakosmeetika","og_url":"https:\/\/christinakosmeetika.ee\/et\/nuance\/","og_site_name":"Christinakosmeetika","article_modified_time":"2026-01-10T23:16:27+00:00","twitter_card":"summary_large_image","twitter_misc":{"Est. reading time":"2 minutit"},"schema":{"@context":"https:\/\/schema.org","@graph":[{"@type":"WebPage","@id":"https:\/\/christinakosmeetika.ee\/et\/nuance\/","url":"https:\/\/christinakosmeetika.ee\/et\/nuance\/","name":"Nuance - Christinakosmeetika","isPartOf":{"@id":"https:\/\/christinakosmeetika.ee\/#website"},"datePublished":"2025-12-15T10:23:38+00:00","dateModified":"2026-01-10T23:16:27+00:00","breadcrumb":{"@id":"https:\/\/christinakosmeetika.ee\/et\/nuance\/#breadcrumb"},"inLanguage":"et","potentialAction":[{"@type":"ReadAction","target":["https:\/\/christinakosmeetika.ee\/et\/nuance\/"]}]},{"@type":"BreadcrumbList","@id":"https:\/\/christinakosmeetika.ee\/et\/nuance\/#breadcrumb","itemListElement":[{"@type":"ListItem","position":1,"name":"\u0413\u043b\u0430\u0432\u043d\u0430\u044f \u0441\u0442\u0440\u0430\u043d\u0438\u0446\u0430","item":"https:\/\/christinakosmeetika.ee\/et\/"},{"@type":"ListItem","position":2,"name":"Nuance"}]},{"@type":"WebSite","@id":"https:\/\/christinakosmeetika.ee\/#website","url":"https:\/\/christinakosmeetika.ee\/","name":"Christinakosmeetika","description":"Christina kosmeetika Eestis","alternateName":"Christina kosmeetika Eestis","potentialAction":[{"@type":"SearchAction","target":{"@type":"EntryPoint","urlTemplate":"https:\/\/christinakosmeetika.ee\/?s={search_term_string}"},"query-input":{"@type":"PropertyValueSpecification","valueRequired":true,"valueName":"search_term_string"}}],"inLanguage":"et"}]}},"_links":{"self":[{"href":"https:\/\/christinakosmeetika.ee\/et\/wp-json\/wp\/v2\/pages\/10048","targetHints":{"allow":["GET"]}}],"collection":[{"href":"https:\/\/christinakosmeetika.ee\/et\/wp-json\/wp\/v2\/pages"}],"about":[{"href":"https:\/\/christinakosmeetika.ee\/et\/wp-json\/wp\/v2\/types\/page"}],"author":[{"embeddable":true,"href":"https:\/\/christinakosmeetika.ee\/et\/wp-json\/wp\/v2\/users\/2"}],"replies":[{"embeddable":true,"href":"https:\/\/christinakosmeetika.ee\/et\/wp-json\/wp\/v2\/comments?post=10048"}],"version-history":[{"count":0,"href":"https:\/\/christinakosmeetika.ee\/et\/wp-json\/wp\/v2\/pages\/10048\/revisions"}],"wp:attachment":[{"href":"https:\/\/christinakosmeetika.ee\/et\/wp-json\/wp\/v2\/media?parent=10048"}],"curies":[{"name":"wp","href":"https:\/\/api.w.org\/{rel}","templated":true}]}}