{"id":10010,"date":"2025-12-15T12:09:04","date_gmt":"2025-12-15T10:09:04","guid":{"rendered":"https:\/\/christinakosmeetika.ee\/bio-phyto\/"},"modified":"2026-01-11T01:12:19","modified_gmt":"2026-01-10T23:12:19","slug":"bio-phyto","status":"publish","type":"page","link":"https:\/\/christinakosmeetika.ee\/et\/bio-phyto\/","title":{"rendered":"Bio Phyto"},"content":{"rendered":"<div id='av-layout-grid-1'  class='av-layout-grid-container av-5wte52-8c23d5f1a005bdd1058acb5170ba3ed3 entry-content-wrapper main_color av-flex-cells  avia-builder-el-0  avia-builder-el-no-sibling   container_wrap sidebar_right'  >\n<div class='flex_cell av-4fsbae-635f9d169538c90a92b3e33e886d6811 av-gridrow-cell av_one_half no_margin  avia-builder-el-1  el_before_av_cell_one_half  avia-builder-el-first '  ><div class='flex_cell_inner'>\n<style type=\"text\/css\" data-created_by=\"avia_inline_auto\" id=\"style-css-av-mj6zmxj8-b51cd85f350b7b3588eb14398d6b68e0\">\n.avia-video.av-mj6zmxj8-b51cd85f350b7b3588eb14398d6b68e0{\nbackground-image:url(https:\/\/christinakosmeetika.ee\/wp-content\/uploads\/2025\/12\/biophyto1.jpg);\n}\n<\/style>\n<div  class='avia-video av-mj6zmxj8-b51cd85f350b7b3588eb14398d6b68e0 avia-video-16-9 av-preview-image avia-video-load-always avia-video-html5'  itemprop=\"video\" itemtype=\"https:\/\/schema.org\/VideoObject\"  data-original_url='https:\/\/christinakosmeetika.ee\/wp-content\/uploads\/2025\/12\/redpandacompress_Christina_BioPhyto_06_Russ.mp4'><video class='avia_video' poster=\"https:\/\/christinakosmeetika.ee\/wp-content\/uploads\/2025\/12\/biophyto1.jpg\"   preload=\"auto\"  controls id='player_10010_477635596_1598652172'><source src='https:\/\/christinakosmeetika.ee\/wp-content\/uploads\/2025\/12\/redpandacompress_Christina_BioPhyto_06_Russ.mp4' type='video\/mp4' \/><\/video><\/div>\n<\/div><\/div><div class='flex_cell av-2y5sty-09d8a293cf3b688f8e3e43f654aedef0 av-gridrow-cell av_one_half no_margin  avia-builder-el-3  el_after_av_cell_one_half  avia-builder-el-last '  ><div class='flex_cell_inner'><section  class='av_textblock_section av-mj6zofmw-e09a6b60980bab6e6df4e74528d7fb7e '   itemscope=\"itemscope\" itemtype=\"https:\/\/schema.org\/CreativeWork\" ><div class='avia_textblock'  itemprop=\"text\" ><div class=\"text-base my-auto mx-auto pb-10 &#091;--thread-content-margin:--spacing(4)&#093; @w-sm\/main:&#091;--thread-content-margin:--spacing(6)&#093; @w-lg\/main:&#091;--thread-content-margin:--spacing(16)&#093; px-(--thread-content-margin)\">\n<div class=\"&#091;--thread-content-max-width:40rem&#093; @w-lg\/main:&#091;--thread-content-max-width:48rem&#093; mx-auto max-w-(--thread-content-max-width) flex-1 group\/turn-messages focus-visible:outline-hidden relative flex w-full min-w-0 flex-col agent-turn\" tabindex=\"-1\">\n<div class=\"flex max-w-full flex-col grow\">\n<div class=\"min-h-8 text-message relative flex w-full flex-col items-end gap-2 text-start break-words whitespace-normal &#091;.text-message+&#038;&#093;:mt-1\" dir=\"auto\" data-message-author-role=\"assistant\" data-message-id=\"b8d77a2c-4e0b-4422-8091-c41bf5e86327\" data-message-model-slug=\"gpt-5-2\">\n<div class=\"flex w-full flex-col gap-1 empty:hidden first:pt-&#091;1px&#093;\">\n<div class=\"markdown prose dark:prose-invert w-full break-words light markdown-new-styling\">\n<h3 data-start=\"0\" data-end=\"17\">BIO PHYTO eelised<\/h3>\n<p data-start=\"19\" data-end=\"180\"><strong>Naha terviklik taastamine<\/strong><br data-start=\"44\" data-end=\"47\" \/>Liin toimib korraga mitmes suunas: puhastamine, detoksikatsioon, mikrotsirkulatsiooni parandamine ja naha kaitsebarj\u00e4\u00e4ri tugevdamine.<\/p>\n<p data-start=\"182\" data-end=\"344\"><strong>Tundlikkuse ja punetuse v\u00e4hendamine<\/strong><br data-start=\"217\" data-end=\"220\" \/>BIO PHYTO aitab nahal kiiremini taastuda, v\u00e4hendab kuperoosa ilminguid ja alandab kalduvust p\u00f5letikulistele reaktsioonidele.<\/p>\n<p data-start=\"346\" data-end=\"461\"><strong>Jume ja tekstuuri \u00fchtlustamine<\/strong><br data-start=\"376\" data-end=\"379\" \/>Nahk muutub \u00fchtlasemaks, siledamaks ja v\u00e4rskemaks ilma pinguloleku v\u00f5i \u00e4rrituseta.<\/p>\n<p data-start=\"463\" data-end=\"595\"><strong>Mugavus ja niisutus<\/strong><br data-start=\"482\" data-end=\"485\" \/>Liinis olevad tooted niisutavad ja pehmendavad nahka s\u00fcgavuti, taastades mugavustunde ka v\u00e4ga tundlikul nahal.<\/p>\n<p data-start=\"597\" data-end=\"755\"><strong>Enneaegse vananemise ennetamine<\/strong><br data-start=\"628\" data-end=\"631\" \/>Mikrotsirkulatsiooni parandamise ja kaitsefunktsioonide tugevdamise kaudu s\u00e4ilitab nahk kauem terve ja hoolitsetud v\u00e4limuse.<\/p>\n<p data-start=\"757\" data-end=\"1158\"><strong>BIO PHYTO lahendab j\u00e4rgmised probleemid<\/strong><br data-start=\"796\" data-end=\"799\" \/>v\u00e4hendab naha tundlikkust ja reaktiivsust;<br data-start=\"841\" data-end=\"844\" \/>leevendab punetust ja kuperoosa tunnuseid;<br data-start=\"886\" data-end=\"889\" \/>parandab mikrotsirkulatsiooni ja jume;<br data-start=\"927\" data-end=\"930\" \/>puhastab \u00f5rnalt ja normaliseerib rasun\u00e4\u00e4rmete t\u00f6\u00f6d;<br data-start=\"981\" data-end=\"984\" \/>v\u00e4hendab p\u00f5letikulisi koldeid ja komedoone;<br data-start=\"1027\" data-end=\"1030\" \/>\u00fchtlustab naha tekstuuri;<br data-start=\"1055\" data-end=\"1058\" \/>tugevdab naha kaitsefunktsioone;<br data-start=\"1090\" data-end=\"1093\" \/>toetab regeneratsiooniprotsesse;<br data-start=\"1125\" data-end=\"1128\" \/>ennetab enneaegset vananemist.<\/p>\n<p data-start=\"1160\" data-end=\"1181\"><strong>Aktiivsed komponendid<\/strong><\/p>\n<p data-start=\"1183\" data-end=\"1295\"><strong>Puuviljahapped<\/strong><br data-start=\"1197\" data-end=\"1200\" \/>Uuendavad nahka \u00f5rnalt, parandavad selle tekstuuri ja aitavad \u00fchtlustada jumet ilma \u00e4rrituseta.<\/p>\n<p data-start=\"1297\" data-end=\"1395\"><strong>Ravimtaimede ekstraktid<\/strong><br data-start=\"1320\" data-end=\"1323\" \/>Rahustavad nahka, v\u00e4hendavad p\u00f5letikku ja tugevdavad kapillaaride seinu.<\/p>\n<p data-start=\"1397\" data-end=\"1560\"><strong>Vitamiinide ja mineraalide kompleksid<\/strong><br data-start=\"1434\" data-end=\"1437\" \/>Toetavad naha taastumisprotsesse, parandavad mikrotsirkulatsiooni ja suurendavad naha vastupanuv\u00f5imet v\u00e4listele teguritele.<\/p>\n<p data-start=\"1562\" data-end=\"1601\"><strong>BIO PHYTO professionaalsed protseduurid<\/strong><\/p>\n<p data-start=\"1603\" data-end=\"1786\">BIO PHYTO ei ole lihtsalt kosmeetikatoodete kollektsioon, vaid terviklik professionaalne s\u00fcsteem, mis v\u00f5imaldab kosmeetikutel t\u00f6\u00f6tada tundliku ja reaktiivse nahaga \u00f5rnalt ja t\u00f5husalt.<\/p>\n<p data-start=\"1788\" data-end=\"2075\">BIO PHYTO mitmeetapilised protokollid tagavad:<br data-start=\"1834\" data-end=\"1837\" \/>s\u00fcgava, kuid delikaatse puhastuse;<br data-start=\"1871\" data-end=\"1874\" \/>v\u00e4ljendunud detoksiefekti ilma \u00e4rrituseta;<br data-start=\"1916\" data-end=\"1919\" \/>mikrotsirkulatsiooni paranemise;<br data-start=\"1951\" data-end=\"1954\" \/>punetuse ja p\u00f5letike v\u00e4henemise;<br data-start=\"1986\" data-end=\"1989\" \/>naha barj\u00e4\u00e4rifunktsioonide taastamise;<br data-start=\"2027\" data-end=\"2030\" \/>naha kvaliteedi ja vastupidavuse suurenemise.<\/p>\n<p data-start=\"2077\" data-end=\"2233\" data-is-last-node=\"\" data-is-only-node=\"\">BIO PHYTO koduhooldustooted pikendavad ja tugevdavad protseduuride tulemusi, aidates hoida naha rahuliku, niisutatud ja tervena kosmeetiku k\u00fclastuste vahel.<\/p>\n<\/div>\n<\/div>\n<\/div>\n<\/div>\n<\/div>\n<\/div>\n<\/div><\/section><br \/>\n<div  class='avia-button-wrap av-mj6zrh7d-e2669ad036dbd71aee225fd070654009-wrap avia-button-center  avia-builder-el-5  el_after_av_textblock  el_before_av_button '><a href='https:\/\/christinakosmeetika.ee\/et\/linii-cosmetici-christina-2\/'  class='avia-button av-mj6zrh7d-e2669ad036dbd71aee225fd070654009 av-link-btn avia-icon_select-no avia-size-small avia-position-center avia-color-theme-color'   aria-label=\"Tagasi liinidesse\"><span class='avia_iconbox_title' >Tagasi liinidesse<\/span><\/a><\/div><br \/>\n<div  class='avia-button-wrap av-mk8x6vs8-62800d08f104c7e6a06a8bce0eef011e-wrap avia-button-center  avia-builder-el-6  el_after_av_button  avia-builder-el-last '><a href='https:\/\/christinakosmeetika.ee\/et\/shop\/?filter_linii-kosmetiki=comodex-ethttps:\/\/'  class='avia-button av-mk8x6vs8-62800d08f104c7e6a06a8bce0eef011e av-link-btn avia-icon_select-no avia-size-small avia-position-center avia-color-theme-color'   aria-label=\"Osta\"><span class='avia_iconbox_title' >Osta<\/span><\/a><\/div><\/p>\n<\/div><\/div><\/div>\n","protected":false},"excerpt":{"rendered":"","protected":false},"author":2,"featured_media":0,"parent":0,"menu_order":0,"comment_status":"closed","ping_status":"closed","template":"","meta":{"footnotes":""},"class_list":["post-10010","page","type-page","status-publish","hentry"],"yoast_head":"<!-- This site is optimized with the Yoast SEO plugin v27.5 - https:\/\/yoast.com\/product\/yoast-seo-wordpress\/ -->\n<title>Bio Phyto - Christinakosmeetika<\/title>\n<meta name=\"robots\" content=\"index, follow, max-snippet:-1, max-image-preview:large, max-video-preview:-1\" \/>\n<link rel=\"canonical\" href=\"https:\/\/christinakosmeetika.ee\/et\/bio-phyto\/\" \/>\n<meta property=\"og:locale\" content=\"et_EE\" \/>\n<meta property=\"og:type\" content=\"article\" \/>\n<meta property=\"og:title\" content=\"Bio Phyto - Christinakosmeetika\" \/>\n<meta property=\"og:url\" content=\"https:\/\/christinakosmeetika.ee\/et\/bio-phyto\/\" \/>\n<meta property=\"og:site_name\" content=\"Christinakosmeetika\" \/>\n<meta property=\"article:modified_time\" content=\"2026-01-10T23:12:19+00:00\" \/>\n<meta name=\"twitter:card\" content=\"summary_large_image\" \/>\n<meta name=\"twitter:label1\" content=\"Est. reading time\" \/>\n\t<meta name=\"twitter:data1\" content=\"2 minutit\" \/>\n<script type=\"application\/ld+json\" class=\"yoast-schema-graph\">{\"@context\":\"https:\\\/\\\/schema.org\",\"@graph\":[{\"@type\":\"WebPage\",\"@id\":\"https:\\\/\\\/christinakosmeetika.ee\\\/et\\\/bio-phyto\\\/\",\"url\":\"https:\\\/\\\/christinakosmeetika.ee\\\/et\\\/bio-phyto\\\/\",\"name\":\"Bio Phyto - Christinakosmeetika\",\"isPartOf\":{\"@id\":\"https:\\\/\\\/christinakosmeetika.ee\\\/#website\"},\"datePublished\":\"2025-12-15T10:09:04+00:00\",\"dateModified\":\"2026-01-10T23:12:19+00:00\",\"breadcrumb\":{\"@id\":\"https:\\\/\\\/christinakosmeetika.ee\\\/et\\\/bio-phyto\\\/#breadcrumb\"},\"inLanguage\":\"et\",\"potentialAction\":[{\"@type\":\"ReadAction\",\"target\":[\"https:\\\/\\\/christinakosmeetika.ee\\\/et\\\/bio-phyto\\\/\"]}]},{\"@type\":\"BreadcrumbList\",\"@id\":\"https:\\\/\\\/christinakosmeetika.ee\\\/et\\\/bio-phyto\\\/#breadcrumb\",\"itemListElement\":[{\"@type\":\"ListItem\",\"position\":1,\"name\":\"\u0413\u043b\u0430\u0432\u043d\u0430\u044f \u0441\u0442\u0440\u0430\u043d\u0438\u0446\u0430\",\"item\":\"https:\\\/\\\/christinakosmeetika.ee\\\/et\\\/\"},{\"@type\":\"ListItem\",\"position\":2,\"name\":\"Bio Phyto\"}]},{\"@type\":\"WebSite\",\"@id\":\"https:\\\/\\\/christinakosmeetika.ee\\\/#website\",\"url\":\"https:\\\/\\\/christinakosmeetika.ee\\\/\",\"name\":\"Christinakosmeetika\",\"description\":\"Christina kosmeetika Eestis\",\"alternateName\":\"Christina kosmeetika Eestis\",\"potentialAction\":[{\"@type\":\"SearchAction\",\"target\":{\"@type\":\"EntryPoint\",\"urlTemplate\":\"https:\\\/\\\/christinakosmeetika.ee\\\/?s={search_term_string}\"},\"query-input\":{\"@type\":\"PropertyValueSpecification\",\"valueRequired\":true,\"valueName\":\"search_term_string\"}}],\"inLanguage\":\"et\"}]}<\/script>\n<!-- \/ Yoast SEO plugin. -->","yoast_head_json":{"title":"Bio Phyto - Christinakosmeetika","robots":{"index":"index","follow":"follow","max-snippet":"max-snippet:-1","max-image-preview":"max-image-preview:large","max-video-preview":"max-video-preview:-1"},"canonical":"https:\/\/christinakosmeetika.ee\/et\/bio-phyto\/","og_locale":"et_EE","og_type":"article","og_title":"Bio Phyto - Christinakosmeetika","og_url":"https:\/\/christinakosmeetika.ee\/et\/bio-phyto\/","og_site_name":"Christinakosmeetika","article_modified_time":"2026-01-10T23:12:19+00:00","twitter_card":"summary_large_image","twitter_misc":{"Est. reading time":"2 minutit"},"schema":{"@context":"https:\/\/schema.org","@graph":[{"@type":"WebPage","@id":"https:\/\/christinakosmeetika.ee\/et\/bio-phyto\/","url":"https:\/\/christinakosmeetika.ee\/et\/bio-phyto\/","name":"Bio Phyto - Christinakosmeetika","isPartOf":{"@id":"https:\/\/christinakosmeetika.ee\/#website"},"datePublished":"2025-12-15T10:09:04+00:00","dateModified":"2026-01-10T23:12:19+00:00","breadcrumb":{"@id":"https:\/\/christinakosmeetika.ee\/et\/bio-phyto\/#breadcrumb"},"inLanguage":"et","potentialAction":[{"@type":"ReadAction","target":["https:\/\/christinakosmeetika.ee\/et\/bio-phyto\/"]}]},{"@type":"BreadcrumbList","@id":"https:\/\/christinakosmeetika.ee\/et\/bio-phyto\/#breadcrumb","itemListElement":[{"@type":"ListItem","position":1,"name":"\u0413\u043b\u0430\u0432\u043d\u0430\u044f \u0441\u0442\u0440\u0430\u043d\u0438\u0446\u0430","item":"https:\/\/christinakosmeetika.ee\/et\/"},{"@type":"ListItem","position":2,"name":"Bio Phyto"}]},{"@type":"WebSite","@id":"https:\/\/christinakosmeetika.ee\/#website","url":"https:\/\/christinakosmeetika.ee\/","name":"Christinakosmeetika","description":"Christina kosmeetika Eestis","alternateName":"Christina kosmeetika Eestis","potentialAction":[{"@type":"SearchAction","target":{"@type":"EntryPoint","urlTemplate":"https:\/\/christinakosmeetika.ee\/?s={search_term_string}"},"query-input":{"@type":"PropertyValueSpecification","valueRequired":true,"valueName":"search_term_string"}}],"inLanguage":"et"}]}},"_links":{"self":[{"href":"https:\/\/christinakosmeetika.ee\/et\/wp-json\/wp\/v2\/pages\/10010","targetHints":{"allow":["GET"]}}],"collection":[{"href":"https:\/\/christinakosmeetika.ee\/et\/wp-json\/wp\/v2\/pages"}],"about":[{"href":"https:\/\/christinakosmeetika.ee\/et\/wp-json\/wp\/v2\/types\/page"}],"author":[{"embeddable":true,"href":"https:\/\/christinakosmeetika.ee\/et\/wp-json\/wp\/v2\/users\/2"}],"replies":[{"embeddable":true,"href":"https:\/\/christinakosmeetika.ee\/et\/wp-json\/wp\/v2\/comments?post=10010"}],"version-history":[{"count":0,"href":"https:\/\/christinakosmeetika.ee\/et\/wp-json\/wp\/v2\/pages\/10010\/revisions"}],"wp:attachment":[{"href":"https:\/\/christinakosmeetika.ee\/et\/wp-json\/wp\/v2\/media?parent=10010"}],"curies":[{"name":"wp","href":"https:\/\/api.w.org\/{rel}","templated":true}]}}